{"id":7,"date":"2015-09-13T09:37:56","date_gmt":"2015-09-13T09:37:56","guid":{"rendered":"http:\/\/antoinegassion.com\/2015\/?page_id=7"},"modified":"2024-04-08T23:55:34","modified_gmt":"2024-04-08T21:55:34","slug":"a-propos","status":"publish","type":"page","link":"https:\/\/antoinegassion.com\/?page_id=7","title":{"rendered":"Bio"},"content":{"rendered":"\n<figure class=\"wp-block-image is-resized\"><img loading=\"lazy\" decoding=\"async\" width=\"748\" height=\"900\" src=\"https:\/\/antoinegassion.com\/2015\/wp-content\/uploads\/2024\/04\/ANTOINE-GASSION.jpg\" alt=\"\" class=\"wp-image-958\" style=\"width:282px;height:auto\" srcset=\"https:\/\/antoinegassion.com\/2015\/wp-content\/uploads\/2024\/04\/ANTOINE-GASSION.jpg 748w, https:\/\/antoinegassion.com\/2015\/wp-content\/uploads\/2024\/04\/ANTOINE-GASSION-249x300.jpg 249w\" sizes=\"auto, (max-width: 748px) 100vw, 748px\" \/><\/figure>\n\n\n\n<h3 class=\"wp-block-heading\"><strong>Antoine Gassion<\/strong><\/h3>\n\n\n\n<p> <em>[english version]<\/em> <\/p>\n\n\n\n<p>      Between 2001 and 2006, in parallel with his design studies at L&rsquo;<em>Ecole de Design Nantes Atlantique<\/em> (Nantes Atlantique School of Design), Antoine Gassion multiplies collaborative projects between design, graphic creation, artistic installation and architecture.<\/p>\n\n\n\n<p>      He created the Archilight collective with Ga\u00ebtan De Robillard and Gr\u00e9goire Barraud. This takes shape at the centre of the trio: designer, architect and artist, with the common intention of experimenting with the territories of creation, developing his practice and concretising his thinking.<\/p>\n\n\n\n<p>      Graduated in 2006 from the Nantes Atlantique School of Design, Antoine Gassion proposes a modular partition system for, he says, allowing everyone to be able to \u00ab\u00a0intervene on the architecture of their habitat\u00a0\u00bb.<br>      Composed of simple medium-density foam bricks, which can be nested and resized at will, a partition can be installed in a few minutes, from wall to wall and from floor to ceiling. The modules are interlocked and linked to the ambient architecture by a system of lightweight props.  Small top and bottom finishing modules ensure perfect cohesion with the floor and ceiling, for optimal sound and thermal insulation.<br>The bricks can then be covered with textile lais. Attached by velcro, they make it possible to create storage pockets, and can also hide extensions and multi-sockets, which would tend to invade the living space.<\/p>\n\n\n\n<p>      While working in Paris in <em>Malherbe retail design<\/em> agency , creating boutiques, concept stores and restaurants, in 2007 he submitted his modular partition system to a call for projects launched by Leroy Merlin in France and Belgium. His project is selected and he presents it to the company&rsquo;s purchasing office located near Lille. There he meets the newly created integrated design unit with Christophe Sapena. <\/p>\n\n\n\n<p>      In 2008, Antoine left the<em> Malherbe retail design<\/em> agency to devote himself to a new adventure in Bolivia  aimed at bringing him closer to object design. There he created in 2008 his own design studio : <em>agds <\/em>(antoine gassion design studio). The studio collaborates with architecture firms <em>Mosoj Rumi<\/em> in Cochabamba, and <em>Protoarq <\/em>by Igor Lacroix in Brasilia.<br>For two years he carried out various projects for local and brazilian clients, ranging from product design (domestic water tank, street furniture, advertising, lighting, etc.), brand identity and space design (shop, clothing workshop, television set, offices, etc.).<\/p>\n\n\n\n<p>      Back in France from 2010, Antoine Gassion joined <em>Leroy Merlin France<\/em> as a designer, to accelerate the strengthening of the company&rsquo;s own brands, such as <em>Inspire<\/em>, <em>Spaceo<\/em>, <em>Delinia<\/em>, <em>Sensea<\/em>, <em>Naterial<\/em>, etc. In particular, it is called upon to project what the notion of \u00ab\u00a0modularity\u00a0\u00bb can bring to the entire product offer, and created the <em>Hub System<\/em> concept.<\/p>\n\n\n\n<p>In 2015 Antoine joined Adeo to contribute internationally to all the group&rsquo;s business units, mainly for DIY and local activities. And he is currently design leader of the decorative market, including lighting and decoration universes for the pivate labels <em>Inspire <\/em>and <em>Luxens<\/em>.<\/p>\n\n\n\n<div class=\"wp-block-cover is-light\"><span aria-hidden=\"true\" class=\"wp-block-cover__background has-background-dim\"><\/span><img loading=\"lazy\" decoding=\"async\" width=\"2560\" height=\"1707\" class=\"wp-block-cover__image-background wp-image-711\" src=\"https:\/\/antoinegassion.com\/2015\/wp-content\/uploads\/2019\/11\/adeo-194-2-scaled.jpg\" data-object-fit=\"cover\" srcset=\"https:\/\/antoinegassion.com\/2015\/wp-content\/uploads\/2019\/11\/adeo-194-2-scaled.jpg 2560w, https:\/\/antoinegassion.com\/2015\/wp-content\/uploads\/2019\/11\/adeo-194-2-300x200.jpg 300w, https:\/\/antoinegassion.com\/2015\/wp-content\/uploads\/2019\/11\/adeo-194-2-1024x683.jpg 1024w, https:\/\/antoinegassion.com\/2015\/wp-content\/uploads\/2019\/11\/adeo-194-2-768x512.jpg 768w, https:\/\/antoinegassion.com\/2015\/wp-content\/uploads\/2019\/11\/adeo-194-2-1536x1024.jpg 1536w, https:\/\/antoinegassion.com\/2015\/wp-content\/uploads\/2019\/11\/adeo-194-2-2048x1365.jpg 2048w\" sizes=\"auto, (max-width: 2560px) 100vw, 2560px\" \/><div class=\"wp-block-cover__inner-container is-layout-flow wp-block-cover-is-layout-flow\">\n<p class=\"has-text-align-center has-large-font-size\"><\/p>\n<\/div><\/div>\n\n\n\n<p><em>[version fran\u00e7aise]<\/em><\/p>\n\n\n\n<p>      Entre 2001 et 2006, en parall\u00e8le de son parcours d&rsquo;\u00e9tudes en design au sein de&nbsp;l&rsquo;<em>Ecole de Design Nantes Atlantique<\/em>, Antoine Gassion multiplie les projets de collaborations entre design, cr\u00e9ation graphique, installation artistique et architecture.<\/p>\n\n\n\n<p>Il cr\u00e9\u00e9 notamment avec Ga\u00ebtan De Robillard et Gr\u00e9goire Barraud, le collectif <em>Archilight<\/em>. Celui-ci prend forme au centre du trio : designer, architecte et artiste, avec l&rsquo;intention commune d&rsquo;exp\u00e9rimenter les territoires de cr\u00e9ation, d\u00e9velopper sa pratique et concr\u00e9tiser sa pens\u00e9e.<\/p>\n\n\n\n<p>       Dipl\u00f4m\u00e9 en 2006 de l&rsquo;<em>Ecole de Design Nantes Atlantique<\/em>, Antoine Gassion propose un syst\u00e8me de cloison modulaire pour, dit-il, permettre \u00e0 chacun de pouvoir \u00ab\u00a0intervenir sur l&rsquo;architecture de son habitat\u00a0\u00bb.<br>Compos\u00e9e de briques simples en mousse de moyenne densit\u00e9, embo\u00eetables et redimensionn\u00e9es \u00e0 volont\u00e9, une cloison s&rsquo;agence en quelques minutes, de mur \u00e0 mur et du sol au plafond. Les modules s&rsquo;imbriquent et se solidarisent \u00e0 l&rsquo;architecture ambiante par un syst\u00e8me d&rsquo;\u00e9tais l\u00e9gers. De petits modules de finition haut et bas permettent une parfaite coh\u00e9sion avec le sol et le plafond, pour une isolation phonique et thermique optimale.<br>Les briques peuvent ensuite \u00eatre recouvertes de lais en textile. Fix\u00e9s par velcro, ils permettent de cr\u00e9er des poches de rangement, et peuvent aussi occulter rallonges et multiprises, qui auraient tendance \u00e0 envahir l&rsquo;espace \u00e0 vivre.<\/p>\n\n\n\n<p>Alors qu&rsquo;il travaille \u00e0 Paris dans l&rsquo;agence de retail design <em>Malherbe<\/em>, \u00e0 la cr\u00e9ation de boutiques, concept store et restaurants, il soumet en 2007 son syst\u00e8me de cloison modulaire \u00e0 un appel \u00e0 projet lanc\u00e9 par <em>Leroy Merlin<\/em> en France et en Belgique. Son projet est s\u00e9lectionn\u00e9 et il le pr\u00e9sente \u00e0 la Centrale d&rsquo;achats de l&rsquo;enseigne situ\u00e9e pr\u00e8s de Lille. Il y rencontre la cellule design int\u00e9gr\u00e9e fra\u00eechement cr\u00e9\u00e9e avec Christophe Sapena.<\/p>\n\n\n\n<p>En 2008, Antoine quitte l&rsquo;agence <em>Malherbe<\/em> pour se consacrer \u00e0 une nouvelle aventure en Bolivie visant \u00e0 le rapprocher du design d&rsquo;objets. L\u00e0-bas il cr\u00e9\u00e9 en 2008 son propre studio de design, <em>agds (antoine gassion design studio)<\/em>. Le studio collabore avec les cabinets d&rsquo;architecture <em>Mosoj Rumi<\/em> \u00e0 Cochabamba, et <em>Protoarq<\/em> d&rsquo;Igor Lacroix \u00e0 Brasilia.<br>Durant deux ans il r\u00e9alise diff\u00e9rents projets pour des clients locaux et br\u00e9siliens, entre design produit (r\u00e9servoir d&rsquo;eau domestique, mobilier urbain publicitaire, luminaire, etc), identit\u00e9 de marque et design d&rsquo;espace (boutique, atelier de confection, plateau de t\u00e9l\u00e9vision, bureaux, etc).<\/p>\n\n\n\n<p>      De retour en France \u00e0 partir de&nbsp;2010, Antoine Gassion int\u00e8gre&nbsp;<em>Leroy Merlin France<\/em> en tant que designer, pour acc\u00e9l\u00e9rer le renforcement des marques propres de l&rsquo;enseigne, telles que <em>Inspire<\/em>, <em>Spaceo<\/em>, <em>Delinia<\/em>, <em>Sensea<\/em>, <em>Naterial<\/em>, etc. Il est appel\u00e9 notamment \u00e0 projeter ce que la notion de modularit\u00e9 peut apporter \u00e0 l&rsquo;ensemble de l&rsquo;offre produit, et cr\u00e9\u00e9 le concept <em>Hub System<\/em>.<\/p>\n\n\n\n<p>En 2015 Antoine rejoint\u00a0<em>Adeo<\/em> pour contribuer internationalement \u00e0 l&rsquo;ensemble des business units du groupe, essentiellement pour les activit\u00e9s GSB et proximit\u00e9. Et il est actuellement design leader du march\u00e9 d\u00e9coration, pour les marques <em>Inspire<\/em> et <em>Luxens<\/em>.<\/p>\n","protected":false},"excerpt":{"rendered":"<p>Antoine Gassion [english version] Between 2001 and 2006, in parallel with his design studies at L&rsquo;Ecole&hellip;<\/p>\n","protected":false},"author":1,"featured_media":0,"parent":0,"menu_order":0,"comment_status":"closed","ping_status":"closed","template":"","meta":{"footnotes":""},"class_list":["post-7","page","type-page","status-publish","hentry"],"_links":{"self":[{"href":"https:\/\/antoinegassion.com\/index.php?rest_route=\/wp\/v2\/pages\/7","targetHints":{"allow":["GET"]}}],"collection":[{"href":"https:\/\/antoinegassion.com\/index.php?rest_route=\/wp\/v2\/pages"}],"about":[{"href":"https:\/\/antoinegassion.com\/index.php?rest_route=\/wp\/v2\/types\/page"}],"author":[{"embeddable":true,"href":"https:\/\/antoinegassion.com\/index.php?rest_route=\/wp\/v2\/users\/1"}],"replies":[{"embeddable":true,"href":"https:\/\/antoinegassion.com\/index.php?rest_route=%2Fwp%2Fv2%2Fcomments&post=7"}],"version-history":[{"count":19,"href":"https:\/\/antoinegassion.com\/index.php?rest_route=\/wp\/v2\/pages\/7\/revisions"}],"predecessor-version":[{"id":961,"href":"https:\/\/antoinegassion.com\/index.php?rest_route=\/wp\/v2\/pages\/7\/revisions\/961"}],"wp:attachment":[{"href":"https:\/\/antoinegassion.com\/index.php?rest_route=%2Fwp%2Fv2%2Fmedia&parent=7"}],"curies":[{"name":"wp","href":"https:\/\/api.w.org\/{rel}","templated":true}]}}